{"id":117,"date":"2020-11-01T11:58:55","date_gmt":"2020-11-01T11:58:55","guid":{"rendered":"https:\/\/rulers.cat\/?page_id=117"},"modified":"2023-11-02T14:09:06","modified_gmt":"2023-11-02T14:09:06","slug":"contacte","status":"publish","type":"page","link":"https:\/\/rulers.cat\/?page_id=117","title":{"rendered":"Contacte"},"content":{"rendered":"\n<p>Podeu posar-vos en contacte amb nosaltres a trav\u00e9s de la seg\u00fcent adre\u00e7a de correu electr\u00f2nic:<\/p>\n\n\n\n<p class=\"has-text-align-left\"><a href=\"mailto:rulers@rulers.cat\">rulers@rulers.cat<\/a><\/p>\n\n\n\n<p> <\/p>\n","protected":false},"excerpt":{"rendered":"<p>Podeu posar-vos en contacte amb nosaltres a trav\u00e9s de la seg\u00fcent adre\u00e7a de correu electr\u00f2nic: rulers@rulers.cat<\/p>\n","protected":false},"author":1,"featured_media":0,"parent":0,"menu_order":0,"comment_status":"closed","ping_status":"closed","template":"","meta":{"footnotes":""},"_links":{"self":[{"href":"https:\/\/rulers.cat\/index.php?rest_route=\/wp\/v2\/pages\/117"}],"collection":[{"href":"https:\/\/rulers.cat\/index.php?rest_route=\/wp\/v2\/pages"}],"about":[{"href":"https:\/\/rulers.cat\/index.php?rest_route=\/wp\/v2\/types\/page"}],"author":[{"embeddable":true,"href":"https:\/\/rulers.cat\/index.php?rest_route=\/wp\/v2\/users\/1"}],"replies":[{"embeddable":true,"href":"https:\/\/rulers.cat\/index.php?rest_route=%2Fwp%2Fv2%2Fcomments&post=117"}],"version-history":[{"count":4,"href":"https:\/\/rulers.cat\/index.php?rest_route=\/wp\/v2\/pages\/117\/revisions"}],"predecessor-version":[{"id":1155,"href":"https:\/\/rulers.cat\/index.php?rest_route=\/wp\/v2\/pages\/117\/revisions\/1155"}],"wp:attachment":[{"href":"https:\/\/rulers.cat\/index.php?rest_route=%2Fwp%2Fv2%2Fmedia&parent=117"}],"curies":[{"name":"wp","href":"https:\/\/api.w.org\/{rel}","templated":true}]}}