{"id":375,"date":"2020-11-15T18:19:50","date_gmt":"2020-11-15T18:19:50","guid":{"rendered":"https:\/\/rulers.cat\/?page_id=375"},"modified":"2020-11-15T18:26:38","modified_gmt":"2020-11-15T18:26:38","slug":"futbol-club-barcelona","status":"publish","type":"page","link":"https:\/\/rulers.cat\/?page_id=375","title":{"rendered":"Futbol Club Barcelona"},"content":{"rendered":"\n<p><strong>Presidents<\/strong><\/p>\n\n\n\n<figure class=\"wp-block-table\"><table><tbody><tr><td>1899-1901<\/td><td><a href=\"https:\/\/www.fcbarcelona.cat\/ca\/fitxa\/645523\/walter-wild-1899-1901\">Walter Wild<\/a><\/td><\/tr><tr><td>1901-1902<\/td><td><a href=\"https:\/\/www.fcbarcelona.cat\/ca\/fitxa\/645518\/bartomeu-terradas-1901-1902\">Bartomeu Terrades<\/a><\/td><\/tr><tr><td>1902-1903<\/td><td><a href=\"https:\/\/www.fcbarcelona.cat\/ca\/fitxa\/645514\/paul-haas-1902-1903\">Paul Haas<\/a><\/td><\/tr><tr><td>1903-1905<\/td><td><a href=\"https:\/\/www.fcbarcelona.cat\/ca\/fitxa\/645508\/arthur-witty-1903-1905\">Arthur Witty<\/a><\/td><\/tr><tr><td>1905-1906<\/td><td><a href=\"https:\/\/www.fcbarcelona.cat\/ca\/fitxa\/645504\/josep-soler-1905-1906\">Josep Soler<\/a><\/td><\/tr><tr><td>1906-1908<\/td><td><a href=\"https:\/\/www.fcbarcelona.cat\/ca\/fitxa\/645496\/juli-marial-1906-1908\">Juli Marial<\/a><\/td><\/tr><tr><td>1908<\/td><td><a href=\"https:\/\/www.fcbarcelona.cat\/ca\/fitxa\/645482\/vicenc-reig-1908\">Vicen\u00e7 Reig<\/a><\/td><\/tr><tr><td>1908-1909<\/td><td><a href=\"https:\/\/www.fcbarcelona.cat\/ca\/fitxa\/645478\/joan-gamper-1908-1909--1910-1913--1917-1919--1921-1923--1924-1925\">Joan Gamper<\/a><\/td><\/tr><tr><td>1909-1910<\/td><td><a href=\"https:\/\/www.fcbarcelona.cat\/ca\/fitxa\/645472\/otto-gmelin-1909-1910\">Otto Gmelin<\/a><\/td><\/tr><tr><td>1910-1913<\/td><td><a href=\"https:\/\/www.fcbarcelona.cat\/ca\/fitxa\/645478\/joan-gamper-1908-1909--1910-1913--1917-1919--1921-1923--1924-1925\">Joan Gamper<\/a><\/td><\/tr><tr><td>1913-1914<\/td><td><a href=\"https:\/\/www.fcbarcelona.cat\/ca\/fitxa\/645469\/francesc-de-moxo-1913-1914\">Francesc de Mox\u00f3<\/a><\/td><\/tr><tr><td>1914<\/td><td><a href=\"https:\/\/www.fcbarcelona.cat\/ca\/fitxa\/645462\/alvar-presta-1914\">\u00c0lvar Presta<\/a><\/td><\/tr><tr><td>1914-1915<\/td><td><a href=\"https:\/\/www.fcbarcelona.cat\/ca\/fitxa\/645451\/joaquim-peris-de-vargas-1914-1915\">Joaquim Peris de Vargas<\/a><\/td><\/tr><tr><td>1915-1916<\/td><td><a href=\"https:\/\/www.fcbarcelona.cat\/ca\/fitxa\/645445\/rafael-llopart-1915-1916\">Rafael Llopart<\/a><\/td><\/tr><tr><td>1916-1917<\/td><td><a href=\"https:\/\/www.fcbarcelona.cat\/ca\/fitxa\/645429\/gaspar-roses-1916-1917--1920-1921--1930-1931\">Gaspar Ros\u00e9s<\/a><\/td><\/tr><tr><td>1917-1919<\/td><td><a href=\"https:\/\/www.fcbarcelona.cat\/ca\/fitxa\/645478\/joan-gamper-1908-1909--1910-1913--1917-1919--1921-1923--1924-1925\">Joan Gamper<\/a><\/td><\/tr><tr><td>1919-1920<\/td><td><a href=\"https:\/\/www.fcbarcelona.cat\/ca\/fitxa\/645423\/ricard-graells-1919-1920\">Ricard Graells<\/a><\/td><\/tr><tr><td>1920-1921<\/td><td><a href=\"https:\/\/www.fcbarcelona.cat\/ca\/fitxa\/645429\/gaspar-roses-1916-1917--1920-1921--1930-1931\">Gaspar Ros\u00e9s<\/a><\/td><\/tr><tr><td>1921-1923<\/td><td><a href=\"https:\/\/www.fcbarcelona.cat\/ca\/fitxa\/645478\/joan-gamper-1908-1909--1910-1913--1917-1919--1921-1923--1924-1925\">Joan Gamper<\/a><\/td><\/tr><tr><td>1923-1924<\/td><td><a href=\"https:\/\/www.fcbarcelona.cat\/ca\/fitxa\/645418\/enric-cardona-1923-1924\">Enric Cardona<\/a><\/td><\/tr><tr><td>1924-1925<\/td><td><a href=\"https:\/\/www.fcbarcelona.cat\/ca\/fitxa\/645478\/joan-gamper-1908-1909--1910-1913--1917-1919--1921-1923--1924-1925\">Joan Gamper<\/a><\/td><\/tr><tr><td>1925<\/td><td><a href=\"https:\/\/www.fcbarcelona.cat\/ca\/fitxa\/645405\/joan-coma-1925-1931-1934\">Joan Coma<\/a> (1)<\/td><\/tr><tr><td>1925-1929<\/td><td><a href=\"https:\/\/www.fcbarcelona.cat\/ca\/fitxa\/645413\/arcadi-balaguer-1925-1929\">Arcadi Balaguer<\/a><\/td><\/tr><tr><td>1929-1930<\/td><td><a href=\"https:\/\/www.fcbarcelona.cat\/ca\/fitxa\/645410\/tomas-roses-1929-1930\">Tom\u00e0s Ros\u00e9s<\/a><\/td><\/tr><tr><td>1930-1931<\/td><td><a href=\"https:\/\/www.fcbarcelona.cat\/ca\/fitxa\/645429\/gaspar-roses-1916-1917--1920-1921--1930-1931\">Gaspar Ros\u00e9s<\/a><\/td><\/tr><tr><td>1931<\/td><td><a href=\"https:\/\/www.fcbarcelona.cat\/ca\/fitxa\/645407\/antoni-oliver-1931\">Antoni Oliver<\/a><\/td><\/tr><tr><td>1931-1934<\/td><td><a href=\"https:\/\/www.fcbarcelona.cat\/ca\/fitxa\/645405\/joan-coma-1925-1931-1934\">Joan Coma<\/a><\/td><\/tr><tr><td>1934-1935<\/td><td><a href=\"https:\/\/www.fcbarcelona.cat\/ca\/fitxa\/645399\/esteve-sala-1934-1935\">Esteve Sala<\/a><\/td><\/tr><tr><td>1935-1936<\/td><td><a href=\"https:\/\/www.fcbarcelona.cat\/ca\/fitxa\/645396\/josep-sunol-1935-1936\">Josep Su\u00f1ol<\/a><\/td><\/tr><tr><td>1936-1937<\/td><td><em><a href=\"https:\/\/www.fcbarcelona.cat\/ca\/fitxa\/645383\/comite-dempleats-1936-1937\">Comit\u00e8 d\u2019empleats<\/a><\/em><\/td><\/tr><tr><td>1937-1939<\/td><td><a href=\"https:\/\/www.fcbarcelona.cat\/ca\/fitxa\/645393\/francesc-xavier-casals-1937-1939\">Francesc Xavier Casals<\/a><\/td><\/tr><tr><td>1939-1940<\/td><td><a href=\"https:\/\/www.fcbarcelona.cat\/ca\/fitxa\/645381\/joan-soler-1939-1940\">Joan Soler<\/a><\/td><\/tr><tr><td>1940-1943<\/td><td><a href=\"https:\/\/www.fcbarcelona.cat\/ca\/fitxa\/645374\/enrique-pineyro-marques-de-la-mesa-de-asta-1940-1942--1942-1943\">Enrique Pi\u00f1eyro<\/a><\/td><\/tr><tr><td>1942<\/td><td><a href=\"https:\/\/www.fcbarcelona.cat\/ca\/fitxa\/645373\/josep-vidal-ribas-1942\">Josep Vidal-Ribas<\/a><\/td><\/tr><tr><td>1942-1943<\/td><td><a href=\"https:\/\/www.fcbarcelona.cat\/ca\/fitxa\/645374\/enrique-pineyro-marques-de-la-mesa-de-asta-1940-1942--1942-1943\">Enrique Pi\u00f1eyro<\/a><\/td><\/tr><tr><td>1943<\/td><td><a href=\"https:\/\/www.fcbarcelona.cat\/ca\/fitxa\/645371\/josep-antoni-de-albert-1943\">Josep Antoni de Albert<\/a><\/td><\/tr><tr><td>1943-1946<\/td><td><a href=\"https:\/\/www.fcbarcelona.cat\/ca\/fitxa\/645367\/josep-vendrell-1943-1946\">Josep Vendrell<\/a><\/td><\/tr><tr><td>1946-1952<\/td><td><a href=\"https:\/\/www.fcbarcelona.cat\/ca\/fitxa\/645351\/agusti-montal-i-galobart-1946-1952\">Agust\u00ed Montal i Galobart<\/a><\/td><\/tr><tr><td>1952-1953<\/td><td><a href=\"https:\/\/www.fcbarcelona.cat\/ca\/fitxa\/645345\/enric-marti-carreto-1952-1953\">Enric Mart\u00ed Carreto<\/a><\/td><\/tr><tr><td>1953-1961<\/td><td><a href=\"https:\/\/www.fcbarcelona.cat\/ca\/fitxa\/645341\/francesc-miro-sans-1953-1961\">Josep Mir\u00f3-Sans<\/a><\/td><\/tr><tr><td>1961<\/td><td><a href=\"https:\/\/www.fcbarcelona.cat\/ca\/fitxa\/645335\/antoni-julia-de-capmany-1961\">Antoni Juli\u00e0 de Capmany<\/a><\/td><\/tr><tr><td>1961-1968<\/td><td><a href=\"https:\/\/www.fcbarcelona.cat\/ca\/fitxa\/645326\/enric-llaudet-1961-1968\">Enric Llaudet<\/a><\/td><\/tr><tr><td>1968-1969<\/td><td><a href=\"https:\/\/www.fcbarcelona.cat\/ca\/fitxa\/645322\/narcis-de-carreras-1968-1969\">Narc\u00eds de Carreras<\/a><\/td><\/tr><tr><td>1969-1977<\/td><td><a href=\"https:\/\/www.fcbarcelona.cat\/ca\/fitxa\/645317\/agusti-montal-i-costa-1969-1977\">Agust\u00ed Montal i Costa<\/a><\/td><\/tr><tr><td>1977-1978<\/td><td><a href=\"https:\/\/www.fcbarcelona.cat\/ca\/fitxa\/645315\/raimon-carrasco-i-azemar-1977-1978\">Raimon Carrasco i Azemar<\/a><\/td><\/tr><tr><td>1978-2000<\/td><td><a href=\"https:\/\/www.fcbarcelona.cat\/ca\/fitxa\/645311\/josep-lluis-nunez-1978-2000\">Josep Llu\u00eds N\u00fa\u00f1ez<\/a><\/td><\/tr><tr><td>2000-2003<\/td><td><a href=\"https:\/\/www.fcbarcelona.cat\/ca\/fitxa\/645307\/joan-gaspart-i-solves-2000-2003\">Joan Gaspart i Solves<\/a><\/td><\/tr><tr><td>2003<\/td><td><a href=\"https:\/\/www.fcbarcelona.cat\/ca\/fitxa\/645303\/enric-reyna-i-martinez-2003\">Enric Reyna i Mart\u00ednez<\/a><\/td><\/tr><tr><td>2003<\/td><td><em><a href=\"https:\/\/www.fcbarcelona.cat\/ca\/fitxa\/645298\/comissio-gestora-2003\">Comissi\u00f3 gestora<\/a><\/em><\/td><\/tr><tr><td>2003-2006<\/td><td><a href=\"https:\/\/www.fcbarcelona.cat\/ca\/fitxa\/645290\/joan-laporta-i-estruch-2003-2010\">Joan Laporta i Estruch<\/a><\/td><\/tr><tr><td>2006<\/td><td><em><a href=\"https:\/\/www.fcbarcelona.cat\/ca\/fitxa\/645296\/comissio-gestora-2006\">Comissi\u00f3 gestora<\/a><\/em><\/td><\/tr><tr><td>2006-2010<\/td><td><a href=\"https:\/\/www.fcbarcelona.cat\/ca\/fitxa\/645290\/joan-laporta-i-estruch-2003-2010\">Joan Laporta i Estruch<\/a><\/td><\/tr><tr><td>2010-2014<\/td><td><a href=\"https:\/\/www.fcbarcelona.cat\/ca\/fitxa\/672747\/sandro-rosell-i-feliu-2010-2014\">Sandro Rosell i Feliu<\/a><\/td><\/tr><tr><td>2014-2020<\/td><td><a href=\"https:\/\/www.fcbarcelona.cat\/ca\/fitxa\/672566\/josep-maria-bartomeu-i-floreta-2014-2020\">Josep Maria Bartomeu i Floreta<\/a><\/td><\/tr><\/tbody><\/table><\/figure>\n\n\n\n<p>(1) Sense facultats decis\u00f2ries per ordre del govern espanyol.<\/p>\n\n\n\n<p><a href=\"https:\/\/www.fcbarcelona.cat\/ca\/club\/historia\/presidents\"><em>Font<\/em><\/a><\/p>\n","protected":false},"excerpt":{"rendered":"<p>Presidents 1899-1901 Walter Wild 1901-1902 Bartomeu Terrades 1902-1903 Paul Haas 1903-1905 Arthur Witty 1905-1906 Josep Soler 1906-1908 Juli Marial 1908 Vicen\u00e7 Reig 1908-1909 Joan Gamper 1909-1910 Otto Gmelin 1910-1913 Joan Gamper 1913-1914 Francesc de Mox\u00f3 1914 \u00c0lvar Presta 1914-1915 Joaquim Peris de Vargas 1915-1916 Rafael Llopart 1916-1917 Gaspar Ros\u00e9s 1917-1919 Joan Gamper 1919-1920 Ricard Graells [&hellip;]<\/p>\n","protected":false},"author":1,"featured_media":0,"parent":0,"menu_order":0,"comment_status":"closed","ping_status":"closed","template":"","meta":{"footnotes":""},"_links":{"self":[{"href":"https:\/\/rulers.cat\/index.php?rest_route=\/wp\/v2\/pages\/375"}],"collection":[{"href":"https:\/\/rulers.cat\/index.php?rest_route=\/wp\/v2\/pages"}],"about":[{"href":"https:\/\/rulers.cat\/index.php?rest_route=\/wp\/v2\/types\/page"}],"author":[{"embeddable":true,"href":"https:\/\/rulers.cat\/index.php?rest_route=\/wp\/v2\/users\/1"}],"replies":[{"embeddable":true,"href":"https:\/\/rulers.cat\/index.php?rest_route=%2Fwp%2Fv2%2Fcomments&post=375"}],"version-history":[{"count":2,"href":"https:\/\/rulers.cat\/index.php?rest_route=\/wp\/v2\/pages\/375\/revisions"}],"predecessor-version":[{"id":383,"href":"https:\/\/rulers.cat\/index.php?rest_route=\/wp\/v2\/pages\/375\/revisions\/383"}],"wp:attachment":[{"href":"https:\/\/rulers.cat\/index.php?rest_route=%2Fwp%2Fv2%2Fmedia&parent=375"}],"curies":[{"name":"wp","href":"https:\/\/api.w.org\/{rel}","templated":true}]}}