{"id":434,"date":"2020-11-18T19:41:15","date_gmt":"2020-11-18T19:41:15","guid":{"rendered":"https:\/\/rulers.cat\/?page_id=434"},"modified":"2020-11-18T19:46:41","modified_gmt":"2020-11-18T19:46:41","slug":"altafulla-batlles","status":"publish","type":"page","link":"https:\/\/rulers.cat\/?page_id=434","title":{"rendered":"Altafulla. Batlles"},"content":{"rendered":"\n<figure class=\"wp-block-table\"><table><tbody><tr><td>1979-1983<\/td><td>Joan Pijuan Ballester<\/td><td><a href=\"https:\/\/ca.wikipedia.org\/wiki\/CC-UCD\">CC-UCD<\/a><\/td><\/tr><tr><td>1983-1987<\/td><td>Joan Pijuan Ballester<\/td><td>Independent<\/td><\/tr><tr><td>1987-1991<\/td><td>Joan Pijuan Ballester<\/td><td><a href=\"https:\/\/ca.wikipedia.org\/wiki\/CIU\">CIU<\/a><\/td><\/tr><tr><td>1991-1995<\/td><td>Antoni Torres Marqu\u00e8s <br>Manuel Ceperuelo Huera<\/td><td><a href=\"https:\/\/ca.wikipedia.org\/wiki\/CIU\">CIU<\/a><\/td><\/tr><tr><td>1995-1999<\/td><td>Manuel Ceperuelo Huera Josep M. Gener Torrell <\/td><td>Independents \/&nbsp;<a href=\"https:\/\/ca.wikipedia.org\/wiki\/PSC\">PSC<\/a>&nbsp;\/ Independents<\/td><\/tr><tr><td>1999-2007<\/td><td>Manuel Ramon Fuentes<\/td><td>AUPA<\/td><\/tr><tr><td>2007-2011<\/td><td>Francesc Ferr\u00e9 Camps <br>Josep M. Gener Torrell <br>Jos\u00e9 Maria P\u00e9rez Roiger<\/td><td>ABG-EPM \/&nbsp;<a href=\"https:\/\/ca.wikipedia.org\/wiki\/PSC\">PSC<\/a>&nbsp;\/ IDEAL<\/td><\/tr><tr><td>2011-2019<\/td><td><a href=\"https:\/\/ca.wikipedia.org\/wiki\/F\u00e8lix_Alonso_i_Cantorn\u00e9\">F\u00e8lix Alonso i Cantorn\u00e9<\/a><\/td><td>AA-EPM<\/td><\/tr><tr><td>2019-<em>en el c\u00e0rrec<\/em><\/td><td>Jordi Molinera Poblet i Alba Muntadas Oliv\u00e9 (1)<\/td><td>L&#8217;EINA-<a href=\"https:\/\/ca.wikipedia.org\/wiki\/ERC\">ERC<\/a>-AM<\/td><\/tr><\/tbody><\/table><\/figure>\n\n\n\n<p>(1) Coalcaldes<\/p>\n","protected":false},"excerpt":{"rendered":"<p>1979-1983 Joan Pijuan Ballester CC-UCD 1983-1987 Joan Pijuan Ballester Independent 1987-1991 Joan Pijuan Ballester CIU 1991-1995 Antoni Torres Marqu\u00e8s Manuel Ceperuelo Huera CIU 1995-1999 Manuel Ceperuelo Huera Josep M. Gener Torrell Independents \/&nbsp;PSC&nbsp;\/ Independents 1999-2007 Manuel Ramon Fuentes AUPA 2007-2011 Francesc Ferr\u00e9 Camps Josep M. Gener Torrell Jos\u00e9 Maria P\u00e9rez Roiger ABG-EPM \/&nbsp;PSC&nbsp;\/ IDEAL 2011-2019 [&hellip;]<\/p>\n","protected":false},"author":1,"featured_media":0,"parent":0,"menu_order":0,"comment_status":"closed","ping_status":"closed","template":"","meta":{"footnotes":""},"_links":{"self":[{"href":"https:\/\/rulers.cat\/index.php?rest_route=\/wp\/v2\/pages\/434"}],"collection":[{"href":"https:\/\/rulers.cat\/index.php?rest_route=\/wp\/v2\/pages"}],"about":[{"href":"https:\/\/rulers.cat\/index.php?rest_route=\/wp\/v2\/types\/page"}],"author":[{"embeddable":true,"href":"https:\/\/rulers.cat\/index.php?rest_route=\/wp\/v2\/users\/1"}],"replies":[{"embeddable":true,"href":"https:\/\/rulers.cat\/index.php?rest_route=%2Fwp%2Fv2%2Fcomments&post=434"}],"version-history":[{"count":3,"href":"https:\/\/rulers.cat\/index.php?rest_route=\/wp\/v2\/pages\/434\/revisions"}],"predecessor-version":[{"id":442,"href":"https:\/\/rulers.cat\/index.php?rest_route=\/wp\/v2\/pages\/434\/revisions\/442"}],"wp:attachment":[{"href":"https:\/\/rulers.cat\/index.php?rest_route=%2Fwp%2Fv2%2Fmedia&parent=434"}],"curies":[{"name":"wp","href":"https:\/\/api.w.org\/{rel}","templated":true}]}}