{"id":595,"date":"2020-12-02T18:37:48","date_gmt":"2020-12-02T18:37:48","guid":{"rendered":"https:\/\/rulers.cat\/?page_id=595"},"modified":"2020-12-02T18:41:16","modified_gmt":"2020-12-02T18:41:16","slug":"hospitalet-de-llobregat-l-batlles","status":"publish","type":"page","link":"https:\/\/rulers.cat\/?page_id=595","title":{"rendered":"Hospitalet de Llobregat (l&#8217;). Batlles"},"content":{"rendered":"\n<p>Restauraci\u00f3 (segle XX)<\/p>\n\n\n\n<figure class=\"wp-block-table\"><table><tbody><tr><td>1902-1904<\/td><td>Ernest Mestres i Arrufat<\/td><\/tr><tr><td>1904-1910<\/td><td>Josep Parera i Gelabert<\/td><\/tr><tr><td>1910-1912<\/td><td>Pau Prats i Riera<\/td><\/tr><tr><td>1912-1916<\/td><td>Francesc Marc\u00e9 i Codina<\/td><\/tr><tr><td>1916<\/td><td>Just Oliveras i Prats<\/td><\/tr><tr><td>1916-1918<\/td><td>Josep Rius i Casanova<\/td><\/tr><tr><td>1918-1923<\/td><td>Just Oliveres i Prats<\/td><\/tr><tr><td>1923<\/td><td>Josep Muntan\u00e9 i Almirall<\/td><\/tr><tr><td>1923-1930<\/td><td>Tom\u00e1s Gim\u00e9nez Bernab\u00e9<\/td><\/tr><tr><td>1930<\/td><td>Josep Jord\u00e0 i Polls<\/td><\/tr><tr><td>1930-1931<\/td><td>Just Oliveras i Prats<\/td><\/tr><\/tbody><\/table><\/figure>\n\n\n\n<p>Rep\u00fablica<\/p>\n\n\n\n<figure class=\"wp-block-table\"><table><tbody><tr><td>1931-1934<\/td><td>Josep Muntan\u00e9 i Almirall<\/td><\/tr><tr><td>1934<\/td><td>Ramon Frontera i Bosch<\/td><\/tr><tr><td>1934-1935<\/td><td>Alfredo Mart\u00edn i Velazco<\/td><\/tr><tr><td>1935-1936<\/td><td>Hilario Rabal i Mero\u00f1o<\/td><\/tr><tr><td>1936<\/td><td>Ramon Frontera i Bosch<\/td><\/tr><tr><td>1936<\/td><td>Miquel Romeu i Monmany<\/td><\/tr><tr><td>1936<\/td><td>Francesc Muntan\u00e9<\/td><\/tr><tr><td>1936<\/td><td>Francesc Mart\u00ednez i Alves<\/td><\/tr><tr><td>1936-1937<\/td><td>Josep Xena i Torrent<\/td><\/tr><tr><td>1937<\/td><td>Francesc Mart\u00ednez i Alves<\/td><\/tr><tr><td>1937-1938<\/td><td>Rafael Domingo i Recio<\/td><\/tr><tr><td>1938-1939<\/td><td>Vicen\u00e7 Fort i Sancho<\/td><\/tr><\/tbody><\/table><\/figure>\n\n\n\n<p>Franquisme<\/p>\n\n\n\n<figure class=\"wp-block-table\"><table><tbody><tr><td>3-2-1939<\/td><td>Jos\u00e9 Wenceslao Mar\u00edn i L\u00f3pez<\/td><\/tr><tr><td>2-11-1939<\/td><td>Enric Jonama i Darnaculleta<\/td><\/tr><tr><td>4-5-1944<\/td><td>Josep Puig i Miracle<\/td><\/tr><tr><td>2-10-1945<\/td><td>Enric Jonama i Darnaculleta<\/td><\/tr><tr><td>2-2-1952<\/td><td><a href=\"http:\/\/localmundial.blogspot.com\/2019\/09\/lenigma-taya-lalcalde-de-lhospitalet.html\">Josep Tay\u00e1 i Solanes<\/a><\/td><\/tr><tr><td>28-3-1956<\/td><td>Ramon Solanich i Riera<\/td><\/tr><tr><td>2-11-1962<\/td><td>Josep Matias Espa\u00f1a i Muntades<\/td><\/tr><tr><td>3-4-1973<\/td><td>Vicen\u00e7 Capdevila i Cardona<\/td><\/tr><tr><td>25-4-1977<\/td><td>Joan Perell\u00f3 i Masllorens<\/td><\/tr><\/tbody><\/table><\/figure>\n\n\n\n<p>Democr\u00e0cia<\/p>\n\n\n\n<figure class=\"wp-block-table\"><table><tbody><tr><td>1979-1994<\/td><td>Juan Ignacio Pujana<\/td><td>PSC<\/td><\/tr><tr><td>1994-2008<\/td><td>Celestino Corbacho<\/td><td>PSC<\/td><\/tr><tr><td>2008-<em>en el c\u00e0rrec<\/em><\/td><td>Nuria Mar\u00edn<\/td><td>PSC<\/td><\/tr><\/tbody><\/table><\/figure>\n\n\n\n<p><em><a href=\"http:\/\/localmundial.blogspot.com\/2015\/06\/alcaldes-i-alcaldessa-de-lhospitalet-ii.html\">Font<\/a><\/em><\/p>\n\n\n\n<p><a href=\"https:\/\/lhospitaletdellobregat.wordpress.com\/2011\/12\/25\/alcaldes-i-alcaldesa-de-lhospitalet-de-llobregat-1717-2011\/\"><em>Llista de batlles des del 1717<\/em><\/a><\/p>\n","protected":false},"excerpt":{"rendered":"<p>Restauraci\u00f3 (segle XX) 1902-1904 Ernest Mestres i Arrufat 1904-1910 Josep Parera i Gelabert 1910-1912 Pau Prats i Riera 1912-1916 Francesc Marc\u00e9 i Codina 1916 Just Oliveras i Prats 1916-1918 Josep Rius i Casanova 1918-1923 Just Oliveres i Prats 1923 Josep Muntan\u00e9 i Almirall 1923-1930 Tom\u00e1s Gim\u00e9nez Bernab\u00e9 1930 Josep Jord\u00e0 i Polls 1930-1931 Just Oliveras [&hellip;]<\/p>\n","protected":false},"author":1,"featured_media":0,"parent":0,"menu_order":0,"comment_status":"closed","ping_status":"closed","template":"","meta":{"footnotes":""},"_links":{"self":[{"href":"https:\/\/rulers.cat\/index.php?rest_route=\/wp\/v2\/pages\/595"}],"collection":[{"href":"https:\/\/rulers.cat\/index.php?rest_route=\/wp\/v2\/pages"}],"about":[{"href":"https:\/\/rulers.cat\/index.php?rest_route=\/wp\/v2\/types\/page"}],"author":[{"embeddable":true,"href":"https:\/\/rulers.cat\/index.php?rest_route=\/wp\/v2\/users\/1"}],"replies":[{"embeddable":true,"href":"https:\/\/rulers.cat\/index.php?rest_route=%2Fwp%2Fv2%2Fcomments&post=595"}],"version-history":[{"count":2,"href":"https:\/\/rulers.cat\/index.php?rest_route=\/wp\/v2\/pages\/595\/revisions"}],"predecessor-version":[{"id":598,"href":"https:\/\/rulers.cat\/index.php?rest_route=\/wp\/v2\/pages\/595\/revisions\/598"}],"wp:attachment":[{"href":"https:\/\/rulers.cat\/index.php?rest_route=%2Fwp%2Fv2%2Fmedia&parent=595"}],"curies":[{"name":"wp","href":"https:\/\/api.w.org\/{rel}","templated":true}]}}