{"id":85,"date":"2020-10-28T10:30:06","date_gmt":"2020-10-28T10:30:06","guid":{"rendered":"https:\/\/rulers.cat\/?page_id=85"},"modified":"2020-12-14T09:01:50","modified_gmt":"2020-12-14T09:01:50","slug":"qui-som","status":"publish","type":"page","link":"https:\/\/rulers.cat\/?page_id=85","title":{"rendered":"Presentaci\u00f3"},"content":{"rendered":"\n<p>Rulers.cat \u00e9s una plataforma creada per un equip d\u2019historiadors que t\u00e9 com a objectiu oferir una base de dades r\u00e0pida i fiable de tota classe d\u2019estad\u00edstes, governants i tota mena de l\u00edders, pol\u00edtics, religiosos o socials, de tots els territoris de parla catalana.<\/p>\n\n\n\n<p>Hi trobareu els anys d\u2019inici i finalitzaci\u00f3 del mandat de cada persona, i tamb\u00e9 informaci\u00f3, en el cas dels c\u00e0rrecs pol\u00edtics, sobre la seva filiaci\u00f3 pol\u00edtica, en especial a partir del 1900. Aquesta documentaci\u00f3 actualment es troba molt fragmentada en m\u00faltiples p\u00e0gines i documents. Rulers.cat \u00e9s un espai per trobar-la tota sencera i degudament ordenada.<\/p>\n\n\n\n<p>El nostre lloc web \u00e9s assimilable a <a href=\"http:\/\/www.rulers.org\/\">www.rulers.org<\/a>, que es dedica a registrar els l\u00edders pol\u00edtics d\u2019arreu del m\u00f3n, ordenats per pa\u00efsos i per dates. Va ser d\u2019aquest espai que va sorgir la idea de fer-ne un de semblant per\u00f2 focalitzat en l&#8217;\u00e0mbit catal\u00e0. <a href=\"http:\/\/www.rulers.org\/spanautc.html\">En aquesta p\u00e0gina<\/a> hi trobareu les informacions espec\u00edfiques que hi ha sobre Catalunya, el Pa\u00eds Valenci\u00e0 i les illes Balears, i en <a href=\"http:\/\/www.rulers.org\/rula2.html\">aquesta<\/a> les que hi ha sobre Andorra.<\/p>\n\n\n\n<p>L\u2019ordenaci\u00f3 i edici\u00f3 de la informaci\u00f3 s\u2019anir\u00e0 ampliant paulatinament, a mesura que hi anem entrant continguts. Est\u00e0 previst que a poc a poc les persones incloses en les llistes es vagin enlla\u00e7ant amb hipervincles a les seves biografies corresponents, si en tenen. <\/p>\n\n\n\n<p>M\u00e9s enll\u00e0 del mer recull i registre de personatges, els continguts d&#8217;aquest espai volen ser una eina \u00fatil per a historiadors, polit\u00f2legs, bi\u00f2grafs o genealogistes, com a ajut en els seus \u00e0mbits d&#8217;estudi, i per al desenvolupament de noves vies de recerca en els diversos camps de les ci\u00e8ncies socials. <\/p>\n\n\n\n<p>L\u2019ambici\u00f3s objectiu del nostre projecte fa que agraim molt especialment qualsevol informaci\u00f3 referida a tota mena d\u2019\u00e0mbits del territori (municipal, comarcal, etc.). Per aix\u00f2 seran benvingudes les col\u00b7laboracions, sempre desinteressades, i tamb\u00e9 tindrem molt en compte els avisos de possibles errors en les dades exposades. Us podeu posar en contacte amb nosaltres escrivint un correu electr\u00f2nic a <a href=\"mailto:rulers@rulers.cat\">rulers@rulers.cat<\/a>.<\/p>\n\n\n\n<p><\/p>\n\n\n\n<p><em>\u00das de les dades<\/em><\/p>\n\n\n\n<p>Les informacions contingudes en aquesta p\u00e0gina web s\u00f3n obertes i es poden copiar sense cap mena de limitaci\u00f3. Es demana, per\u00f2, que s\u2019esmenti la font Rulers.cat quan se\u2019n faci \u00fas per a qualsevol mena de publicaci\u00f3.<\/p>\n","protected":false},"excerpt":{"rendered":"<p>Rulers.cat \u00e9s una plataforma creada per un equip d\u2019historiadors que t\u00e9 com a objectiu oferir una base de dades r\u00e0pida i fiable de tota classe d\u2019estad\u00edstes, governants i tota mena de l\u00edders, pol\u00edtics, religiosos o socials, de tots els territoris de parla catalana. Hi trobareu els anys d\u2019inici i finalitzaci\u00f3 del mandat de cada persona, [&hellip;]<\/p>\n","protected":false},"author":1,"featured_media":0,"parent":0,"menu_order":0,"comment_status":"closed","ping_status":"closed","template":"","meta":{"footnotes":""},"_links":{"self":[{"href":"https:\/\/rulers.cat\/index.php?rest_route=\/wp\/v2\/pages\/85"}],"collection":[{"href":"https:\/\/rulers.cat\/index.php?rest_route=\/wp\/v2\/pages"}],"about":[{"href":"https:\/\/rulers.cat\/index.php?rest_route=\/wp\/v2\/types\/page"}],"author":[{"embeddable":true,"href":"https:\/\/rulers.cat\/index.php?rest_route=\/wp\/v2\/users\/1"}],"replies":[{"embeddable":true,"href":"https:\/\/rulers.cat\/index.php?rest_route=%2Fwp%2Fv2%2Fcomments&post=85"}],"version-history":[{"count":15,"href":"https:\/\/rulers.cat\/index.php?rest_route=\/wp\/v2\/pages\/85\/revisions"}],"predecessor-version":[{"id":783,"href":"https:\/\/rulers.cat\/index.php?rest_route=\/wp\/v2\/pages\/85\/revisions\/783"}],"wp:attachment":[{"href":"https:\/\/rulers.cat\/index.php?rest_route=%2Fwp%2Fv2%2Fmedia&parent=85"}],"curies":[{"name":"wp","href":"https:\/\/api.w.org\/{rel}","templated":true}]}}