{"id":911,"date":"2021-01-09T18:38:54","date_gmt":"2021-01-09T18:38:54","guid":{"rendered":"https:\/\/rulers.cat\/?page_id=911"},"modified":"2021-02-08T17:03:03","modified_gmt":"2021-02-08T17:03:03","slug":"catalunya-nord-etapes-juridico-politiques","status":"publish","type":"page","link":"https:\/\/rulers.cat\/?page_id=911","title":{"rendered":"Catalunya Nord. Etapes jur\u00eddico pol\u00edtiques"},"content":{"rendered":"\n<figure class=\"wp-block-table\"><table><tbody><tr><td>759<\/td><td>Formaci\u00f3 del comtat del Rossell\u00f3, en el marc del regne franc<\/td><\/tr><tr><td>895-991<\/td><td>Uni\u00f3 amb el comtat d&#8217;Emp\u00faries<\/td><\/tr><tr><td>1172<\/td><td>Incorporaci\u00f3 al casal de Barcelona (Principat de Catalunya)<\/td><\/tr><tr><td>1276<\/td><td>El territori nord-catal\u00e0 forma part del Regne de Mallorca<\/td><\/tr><tr><td>1344<\/td><td>Reincorporaci\u00f3 a la Corona d&#8217;Arag\u00f3<\/td><\/tr><tr><td>1463-1493<\/td><td>Annexi\u00f3 a Fran\u00e7a<\/td><\/tr><tr><td>1659<\/td><td>Pel tractat dels Pirineus, el territori passa a Fran\u00e7a<\/td><\/tr><tr><td>1790<\/td><td>Creaci\u00f3 del departament dels Pirineus Orientals<\/td><\/tr><tr><td>1986<\/td><td>El departament \u00e9s integrat a la regi\u00f3 Llenguadoc-Rossell\u00f3<\/td><\/tr><tr><td>2014<\/td><td>El departament \u00e9s integrat a la regi\u00f3 d&#8217;Occit\u00e0nia<\/td><\/tr><\/tbody><\/table><\/figure>\n","protected":false},"excerpt":{"rendered":"<p>759 Formaci\u00f3 del comtat del Rossell\u00f3, en el marc del regne franc 895-991 Uni\u00f3 amb el comtat d&#8217;Emp\u00faries 1172 Incorporaci\u00f3 al casal de Barcelona (Principat de Catalunya) 1276 El territori nord-catal\u00e0 forma part del Regne de Mallorca 1344 Reincorporaci\u00f3 a la Corona d&#8217;Arag\u00f3 1463-1493 Annexi\u00f3 a Fran\u00e7a 1659 Pel tractat dels Pirineus, el territori passa [&hellip;]<\/p>\n","protected":false},"author":1,"featured_media":0,"parent":0,"menu_order":0,"comment_status":"closed","ping_status":"closed","template":"","meta":{"footnotes":""},"_links":{"self":[{"href":"https:\/\/rulers.cat\/index.php?rest_route=\/wp\/v2\/pages\/911"}],"collection":[{"href":"https:\/\/rulers.cat\/index.php?rest_route=\/wp\/v2\/pages"}],"about":[{"href":"https:\/\/rulers.cat\/index.php?rest_route=\/wp\/v2\/types\/page"}],"author":[{"embeddable":true,"href":"https:\/\/rulers.cat\/index.php?rest_route=\/wp\/v2\/users\/1"}],"replies":[{"embeddable":true,"href":"https:\/\/rulers.cat\/index.php?rest_route=%2Fwp%2Fv2%2Fcomments&post=911"}],"version-history":[{"count":4,"href":"https:\/\/rulers.cat\/index.php?rest_route=\/wp\/v2\/pages\/911\/revisions"}],"predecessor-version":[{"id":1045,"href":"https:\/\/rulers.cat\/index.php?rest_route=\/wp\/v2\/pages\/911\/revisions\/1045"}],"wp:attachment":[{"href":"https:\/\/rulers.cat\/index.php?rest_route=%2Fwp%2Fv2%2Fmedia&parent=911"}],"curies":[{"name":"wp","href":"https:\/\/api.w.org\/{rel}","templated":true}]}}