{"id":918,"date":"2021-01-09T19:02:27","date_gmt":"2021-01-09T19:02:27","guid":{"rendered":"https:\/\/rulers.cat\/?page_id=918"},"modified":"2021-01-09T19:02:27","modified_gmt":"2021-01-09T19:02:27","slug":"montlluis-batlles","status":"publish","type":"page","link":"https:\/\/rulers.cat\/?page_id=918","title":{"rendered":"Montllu\u00eds. Batlles"},"content":{"rendered":"\n<figure class=\"wp-block-table\"><table><tbody><tr><td>1792<\/td><td>1793<\/td><td>Pierre Vernet<\/td><\/tr><tr><td>1793<\/td><td>1795<\/td><td>Barth\u00e9l\u00e9my Trilles<\/td><\/tr><tr><td>1795<\/td><td>1796<\/td><td>Jean Coutchet<\/td><\/tr><tr><td>1796<\/td><td>1797<\/td><td>Fran\u00e7ois Fau<\/td><\/tr><tr><td>1797<\/td><td>1798<\/td><td>Pierre Cadet Vignes<\/td><\/tr><tr><td>1800<\/td><td>1801<\/td><td>Joseph Facomet<\/td><\/tr><tr><td>1801<\/td><td>1802<\/td><td>Jean Coutchet<\/td><\/tr><tr><td>1802<\/td><td>1802<\/td><td>Pierre Crampagnac<\/td><\/tr><tr><td>1802<\/td><td>1808<\/td><td>Michel Agusti<\/td><\/tr><tr><td>1808<\/td><td>1811<\/td><td>Jean-Baptiste Paris<\/td><\/tr><tr><td>1811<\/td><td>1831<\/td><td>Michel Aldebert<\/td><\/tr><tr><td>1831<\/td><td>1832<\/td><td>Gabriel Delcasso<\/td><\/tr><tr><td>1832<\/td><td>1847<\/td><td>Michel Aldebert<\/td><\/tr><tr><td>1847<\/td><td>1851<\/td><td>Fran\u00e7ois Boure<\/td><\/tr><tr><td>1851<\/td><td>1852<\/td><td>Paul Pierre Hyppolite Vignes<\/td><\/tr><tr><td>1852<\/td><td>1854<\/td><td>Jean Estoube<\/td><\/tr><tr><td>1854<\/td><td>1866<\/td><td>Paul Pierre Hyppolite Vignes<\/td><\/tr><tr><td>1866<\/td><td>1873<\/td><td>Antoine Debat\u00e8ne<\/td><\/tr><tr><td>1873<\/td><td>1878<\/td><td>Joseph Blanc<\/td><\/tr><tr><td>febrer 1878<\/td><td>juny 1879<\/td><td>Blaise Fourniols<\/td><\/tr><tr><td>1879?<\/td><td>1882?<\/td><td>Alexis S\u00e9v\u00e8ne<\/td><\/tr><tr><td>1882<\/td><td>1888<\/td><td>C\u00f4me Rog\u00e9<\/td><\/tr><tr><td>1888<\/td><td>1893<\/td><td>Joseph Blanc<\/td><\/tr><tr><td>1893<\/td><td>1904<\/td><td>Pierre Blanc<\/td><\/tr><tr><td>1904<\/td><td>1908<\/td><td>Fran\u00e7ois Piguillem<\/td><\/tr><tr><td>1908<\/td><td>1909<\/td><td>Joseph Cazeilles<\/td><\/tr><tr><td>1909<\/td><td>1925<\/td><td>Joseph S\u00e9v\u00e8ne<\/td><\/tr><tr><td>1925<\/td><td>1944<\/td><td>Marius S\u00e9v\u00e8ne<\/td><\/tr><tr><td>1944<\/td><td>1945<\/td><td>Fran\u00e7ois Ribes<\/td><\/tr><tr><td>1945<\/td><td>1953<\/td><td>Antoine Pruneta<\/td><\/tr><tr><td>1953<\/td><td>1959<\/td><td>Dominique Bigorre<\/td><\/tr><tr><td>1959<\/td><td>1971<\/td><td>Marius S\u00e9v\u00e8ne<\/td><\/tr><tr><td>1971<\/td><td>1979<\/td><td>Madeleine Gilles<\/td><\/tr><tr><td>1979<\/td><td>1983<\/td><td>Ren\u00e9 Berg\u00e8s<\/td><\/tr><tr><td>1983<\/td><td>2001<\/td><td>Antoine Sabat\u00e9-Bigorre<\/td><\/tr><tr><td>2001<\/td><td>2002<\/td><td>Christian P\u00e9cout<\/td><\/tr><tr><td>2002<\/td><td>juliol 2010<\/td><td>Jean-Michel Larmet<\/td><\/tr><tr><td>setembre 2010<\/td><td>23 gener 2018<\/td><td>Pierrette Cordelette<\/td><\/tr><tr><td>23 gener 2018<\/td><td><em>En el c\u00e0rrec<\/em><\/td><td>Jo\u00eblle Cordelette<\/td><\/tr><\/tbody><\/table><\/figure>\n\n\n\n<p><em><a href=\"http:\/\/www.memorial-genweb.org\/mairesgenweb\/resultcommune.php?id=689\">Font<\/a><\/em>, <em><a href=\"https:\/\/ca.wikipedia.org\/wiki\/Montllu%C3%ADs#Batlles\">Font 2<\/a><\/em><\/p>\n","protected":false},"excerpt":{"rendered":"<p>1792 1793 Pierre Vernet 1793 1795 Barth\u00e9l\u00e9my Trilles 1795 1796 Jean Coutchet 1796 1797 Fran\u00e7ois Fau 1797 1798 Pierre Cadet Vignes 1800 1801 Joseph Facomet 1801 1802 Jean Coutchet 1802 1802 Pierre Crampagnac 1802 1808 Michel Agusti 1808 1811 Jean-Baptiste Paris 1811 1831 Michel Aldebert 1831 1832 Gabriel Delcasso 1832 1847 Michel Aldebert 1847 1851 [&hellip;]<\/p>\n","protected":false},"author":1,"featured_media":0,"parent":0,"menu_order":0,"comment_status":"closed","ping_status":"closed","template":"","meta":{"footnotes":""},"_links":{"self":[{"href":"https:\/\/rulers.cat\/index.php?rest_route=\/wp\/v2\/pages\/918"}],"collection":[{"href":"https:\/\/rulers.cat\/index.php?rest_route=\/wp\/v2\/pages"}],"about":[{"href":"https:\/\/rulers.cat\/index.php?rest_route=\/wp\/v2\/types\/page"}],"author":[{"embeddable":true,"href":"https:\/\/rulers.cat\/index.php?rest_route=\/wp\/v2\/users\/1"}],"replies":[{"embeddable":true,"href":"https:\/\/rulers.cat\/index.php?rest_route=%2Fwp%2Fv2%2Fcomments&post=918"}],"version-history":[{"count":1,"href":"https:\/\/rulers.cat\/index.php?rest_route=\/wp\/v2\/pages\/918\/revisions"}],"predecessor-version":[{"id":919,"href":"https:\/\/rulers.cat\/index.php?rest_route=\/wp\/v2\/pages\/918\/revisions\/919"}],"wp:attachment":[{"href":"https:\/\/rulers.cat\/index.php?rest_route=%2Fwp%2Fv2%2Fmedia&parent=918"}],"curies":[{"name":"wp","href":"https:\/\/api.w.org\/{rel}","templated":true}]}}