{"id":942,"date":"2021-01-10T19:03:21","date_gmt":"2021-01-10T19:03:21","guid":{"rendered":"https:\/\/rulers.cat\/?page_id=942"},"modified":"2021-01-10T19:11:59","modified_gmt":"2021-01-10T19:11:59","slug":"sant-pau-de-fenollet-batlles","status":"publish","type":"page","link":"https:\/\/rulers.cat\/?page_id=942","title":{"rendered":"Sant Pau de Fenolhet. Batlles"},"content":{"rendered":"\n<figure class=\"wp-block-table\"><table><tbody><tr><td>1983<\/td><td>1995<\/td><td>Pierre Esteve<\/td><\/tr><tr><td>mar\u00e7 2001<\/td><td>mar\u00e7 2014<\/td><td>Bernard Foulquier<\/td><\/tr><tr><td>mar\u00e7 2014<\/td><td><em>En el c\u00e0rrec<\/em><\/td><td>Jacques Bayona<\/td><\/tr><\/tbody><\/table><\/figure>\n\n\n\n<p><em><a href=\"https:\/\/fr.wikipedia.org\/wiki\/Saint-Paul-de-Fenouillet#Liste_des_maires\">Font<\/a><\/em><\/p>\n","protected":false},"excerpt":{"rendered":"<p>1983 1995 Pierre Esteve mar\u00e7 2001 mar\u00e7 2014 Bernard Foulquier mar\u00e7 2014 En el c\u00e0rrec Jacques Bayona Font<\/p>\n","protected":false},"author":1,"featured_media":0,"parent":0,"menu_order":0,"comment_status":"closed","ping_status":"closed","template":"","meta":{"footnotes":""},"_links":{"self":[{"href":"https:\/\/rulers.cat\/index.php?rest_route=\/wp\/v2\/pages\/942"}],"collection":[{"href":"https:\/\/rulers.cat\/index.php?rest_route=\/wp\/v2\/pages"}],"about":[{"href":"https:\/\/rulers.cat\/index.php?rest_route=\/wp\/v2\/types\/page"}],"author":[{"embeddable":true,"href":"https:\/\/rulers.cat\/index.php?rest_route=\/wp\/v2\/users\/1"}],"replies":[{"embeddable":true,"href":"https:\/\/rulers.cat\/index.php?rest_route=%2Fwp%2Fv2%2Fcomments&post=942"}],"version-history":[{"count":2,"href":"https:\/\/rulers.cat\/index.php?rest_route=\/wp\/v2\/pages\/942\/revisions"}],"predecessor-version":[{"id":952,"href":"https:\/\/rulers.cat\/index.php?rest_route=\/wp\/v2\/pages\/942\/revisions\/952"}],"wp:attachment":[{"href":"https:\/\/rulers.cat\/index.php?rest_route=%2Fwp%2Fv2%2Fmedia&parent=942"}],"curies":[{"name":"wp","href":"https:\/\/api.w.org\/{rel}","templated":true}]}}